{"id":185,"date":"2020-07-10T10:29:29","date_gmt":"2020-07-10T10:29:29","guid":{"rendered":"http:\/\/eurocontrolglobal.beyondclic.es\/producto\/homix\/"},"modified":"2020-07-10T10:58:10","modified_gmt":"2020-07-10T10:58:10","slug":"homix","status":"publish","type":"product","link":"https:\/\/eurocontrolglobal.com\/tienda\/producto\/homix\/","title":{"rendered":"Homix"},"content":{"rendered":"","protected":false},"excerpt":{"rendered":"<p>Disfruta del primer termostato inteligente de Europa con Alexa integrada.<\/p>\n<p>Homix permite que gestiones la calefacci\u00f3n, iluminaci\u00f3n, televisi\u00f3n, electrodom\u00e9sticos. Adem\u00e1s, puedes pedirle a Alexa que reproduzca m\u00fasica, escuchar noticias, conocer la predicci\u00f3n del tiempo y controlar tus dispositivos Homix.<\/p>\n<p>Es simple y r\u00e1pido.<\/p>\n","protected":false},"featured_media":172,"template":"","meta":{"_et_pb_use_builder":"","_et_pb_old_content":"","_et_gb_content_width":""},"_links":{"self":[{"href":"https:\/\/eurocontrolglobal.com\/tienda\/wp-json\/wp\/v2\/product\/185"}],"collection":[{"href":"https:\/\/eurocontrolglobal.com\/tienda\/wp-json\/wp\/v2\/product"}],"about":[{"href":"https:\/\/eurocontrolglobal.com\/tienda\/wp-json\/wp\/v2\/types\/product"}],"wp:featuredmedia":[{"embeddable":true,"href":"https:\/\/eurocontrolglobal.com\/tienda\/wp-json\/wp\/v2\/media\/172"}],"wp:attachment":[{"href":"https:\/\/eurocontrolglobal.com\/tienda\/wp-json\/wp\/v2\/media?parent=185"}],"curies":[{"name":"wp","href":"https:\/\/api.w.org\/{rel}","templated":true}]}}