{"id":186,"date":"2020-07-10T10:29:29","date_gmt":"2020-07-10T10:29:29","guid":{"rendered":"http:\/\/eurocontrolglobal.beyondclic.es\/producto\/termo-electrico-v-100l-analogico-ducasa\/"},"modified":"2020-07-15T07:31:21","modified_gmt":"2020-07-15T07:31:21","slug":"termo-electrico-v-100l-analogico-ducasa","status":"publish","type":"product","link":"https:\/\/eurocontrolglobal.com\/tienda\/producto\/termo-electrico-v-100l-analogico-ducasa\/","title":{"rendered":"Termo El\u00e9ctrico V 100L Anal\u00f3gico Ducasa"},"content":{"rendered":"","protected":false},"excerpt":{"rendered":"<p>Termo optimo para la producci\u00f3n de Agua Caliente Sanitaria de viviendas con una media de 4 personas.<\/p>\n<p>Nuestro equipo de profesionales lo dejar\u00e1 instalado.<\/p>\n<p>Diferentes tipos de financiaci\u00f3n.<\/p>\n<p>&nbsp;<\/p>\n<p><a class=\"ficha_tecnica et_pb_button et_pb_button_0_tb_body\" href=\"\/wp-content\/uploads\/2020\/07\/termo-analogico-v-100l.pdf\" target=\"_BLANK\" rel=\"noopener noreferrer\">Ficha t\u00e9cnica<\/a><\/p>\n","protected":false},"featured_media":183,"template":"","meta":{"_et_pb_use_builder":"","_et_pb_old_content":"","_et_gb_content_width":""},"_links":{"self":[{"href":"https:\/\/eurocontrolglobal.com\/tienda\/wp-json\/wp\/v2\/product\/186"}],"collection":[{"href":"https:\/\/eurocontrolglobal.com\/tienda\/wp-json\/wp\/v2\/product"}],"about":[{"href":"https:\/\/eurocontrolglobal.com\/tienda\/wp-json\/wp\/v2\/types\/product"}],"wp:featuredmedia":[{"embeddable":true,"href":"https:\/\/eurocontrolglobal.com\/tienda\/wp-json\/wp\/v2\/media\/183"}],"wp:attachment":[{"href":"https:\/\/eurocontrolglobal.com\/tienda\/wp-json\/wp\/v2\/media?parent=186"}],"curies":[{"name":"wp","href":"https:\/\/api.w.org\/{rel}","templated":true}]}}