{"id":191,"date":"2020-07-10T10:29:30","date_gmt":"2020-07-10T10:29:30","guid":{"rendered":"http:\/\/eurocontrolglobal.beyondclic.es\/producto\/caldera-de-condensacion-chaffoteaux-mira-advance-link-25\/"},"modified":"2020-07-15T07:34:40","modified_gmt":"2020-07-15T07:34:40","slug":"caldera-de-condensacion-chaffoteaux-mira-advance-link-25","status":"publish","type":"product","link":"https:\/\/eurocontrolglobal.com\/tienda\/producto\/caldera-de-condensacion-chaffoteaux-mira-advance-link-25\/","title":{"rendered":"Caldera de Condensaci\u00f3n Chaffoteaux Mira Advance Link 25"},"content":{"rendered":"<ul>\n<li>Clasificaci\u00f3n A+ de serie (incluye sonda exterior y termostato modulante).<\/li>\n<li>Peso: 29,7kg<\/li>\n<li>Dimensiones (alto-ancho-fondo): 74,5-40-31,5.<\/li>\n<\/ul>\n","protected":false},"excerpt":{"rendered":"<p>Control modulante de temperatura desde tu m\u00f3vil. Compatible con Google Home y Alexa.<\/p>\n<p>Control de combusti\u00f3n autom\u00e1tico. Calidad, eficiencia y f\u00e1cil mantenimiento.<\/p>\n<p>&nbsp;<\/p>\n<p><a class=\"ficha_tecnica et_pb_button et_pb_button_0_tb_body\" href=\"\/wp-content\/uploads\/2020\/07\/caldera-condensacion-link-25.pdf\" target=\"_BLANK\" rel=\"noopener noreferrer\">Ficha t\u00e9cnica<\/a><\/p>\n","protected":false},"featured_media":158,"template":"","meta":{"_et_pb_use_builder":"","_et_pb_old_content":"","_et_gb_content_width":""},"_links":{"self":[{"href":"https:\/\/eurocontrolglobal.com\/tienda\/wp-json\/wp\/v2\/product\/191"}],"collection":[{"href":"https:\/\/eurocontrolglobal.com\/tienda\/wp-json\/wp\/v2\/product"}],"about":[{"href":"https:\/\/eurocontrolglobal.com\/tienda\/wp-json\/wp\/v2\/types\/product"}],"wp:featuredmedia":[{"embeddable":true,"href":"https:\/\/eurocontrolglobal.com\/tienda\/wp-json\/wp\/v2\/media\/158"}],"wp:attachment":[{"href":"https:\/\/eurocontrolglobal.com\/tienda\/wp-json\/wp\/v2\/media?parent=191"}],"curies":[{"name":"wp","href":"https:\/\/api.w.org\/{rel}","templated":true}]}}