{"id":192,"date":"2020-07-10T10:29:30","date_gmt":"2020-07-10T10:29:30","guid":{"rendered":"http:\/\/eurocontrolglobal.beyondclic.es\/producto\/caldera-de-condensacion-chaffoteaux-mira-advance-link-30\/"},"modified":"2020-07-15T07:35:21","modified_gmt":"2020-07-15T07:35:21","slug":"caldera-de-condensacion-chaffoteaux-mira-advance-link-30","status":"publish","type":"product","link":"https:\/\/eurocontrolglobal.com\/tienda\/producto\/caldera-de-condensacion-chaffoteaux-mira-advance-link-30\/","title":{"rendered":"Caldera de Condensaci\u00f3n Chaffoteaux Mira Advance Link 30"},"content":{"rendered":"<ul>\n<li>Clasificaci\u00f3n A+ de serie (incluye sonda exterior y termostato modulante).<\/li>\n<li>Peso: 32,3kg<\/li>\n<li>Dimensiones (alto-ancho-fondo): 74,5-40-38,5.<\/li>\n<\/ul>\n","protected":false},"excerpt":{"rendered":"<p>Control modulante de temperatura desde tu m\u00f3vil. Compatible con Google Home y Alexa.<\/p>\n<p>Control de combusti\u00f3n autom\u00e1tico. Calidad, eficiencia y f\u00e1cil mantenimiento.<\/p>\n<p>&nbsp;<\/p>\n<p><a class=\"ficha_tecnica et_pb_button et_pb_button_0_tb_body\" href=\"\/wp-content\/uploads\/2020\/07\/caldera-condensacion-link-30.pdf\" target=\"_BLANK\" rel=\"noopener noreferrer\">Ficha t\u00e9cnica<\/a><\/p>\n","protected":false},"featured_media":159,"template":"","meta":{"_et_pb_use_builder":"","_et_pb_old_content":"","_et_gb_content_width":""},"_links":{"self":[{"href":"https:\/\/eurocontrolglobal.com\/tienda\/wp-json\/wp\/v2\/product\/192"}],"collection":[{"href":"https:\/\/eurocontrolglobal.com\/tienda\/wp-json\/wp\/v2\/product"}],"about":[{"href":"https:\/\/eurocontrolglobal.com\/tienda\/wp-json\/wp\/v2\/types\/product"}],"wp:featuredmedia":[{"embeddable":true,"href":"https:\/\/eurocontrolglobal.com\/tienda\/wp-json\/wp\/v2\/media\/159"}],"wp:attachment":[{"href":"https:\/\/eurocontrolglobal.com\/tienda\/wp-json\/wp\/v2\/media?parent=192"}],"curies":[{"name":"wp","href":"https:\/\/api.w.org\/{rel}","templated":true}]}}