{"id":202,"date":"2020-07-10T10:29:31","date_gmt":"2020-07-10T10:29:31","guid":{"rendered":"http:\/\/eurocontrolglobal.beyondclic.es\/producto\/termo-electrico-tnc-50-analogico-cointra\/"},"modified":"2020-07-15T07:48:19","modified_gmt":"2020-07-15T07:48:19","slug":"termo-electrico-tnc-50-analogico-cointra","status":"publish","type":"product","link":"https:\/\/eurocontrolglobal.com\/tienda\/producto\/termo-electrico-tnc-50-analogico-cointra\/","title":{"rendered":"Termo El\u00e9ctrico TNC 50  Anal\u00f3gico Cointra"},"content":{"rendered":"<ul>\n<li>Capacidad: 50L<\/li>\n<li>Rango de T\u00aa (\u00baC): 35-60<\/li>\n<li>Potencia: 1,5kw<\/li>\n<li>Instalaci\u00f3n: vertical<\/li>\n<li>Medidas (ancho x alto x fondo en mm): 450 x 578 x 472<\/li>\n<\/ul>\n","protected":false},"excerpt":{"rendered":"<p>\u00d3ptimo para vivienda con una persona.<\/p>\n<p>Termo el\u00e9ctrico de 50l con term\u00f3metro para agua caliente.<\/p>\n<p>\u00c1nodo separado de resistencia.<\/p>\n<p>Termostato regulable.<\/p>\n<p>Dise\u00f1o espec\u00edfico vertical para el m\u00e1ximo aprovechamiento de la capacidad del termo.<\/p>\n<p>&nbsp;<\/p>\n<p><a class=\"ficha_tecnica et_pb_button et_pb_button_0_tb_body\" href=\"\/wp-content\/uploads\/2020\/07\/termo-analogico-tnc-50l.pdf\" target=\"_BLANK\" rel=\"noopener noreferrer\">Ficha t\u00e9cnica<\/a><\/p>\n","protected":false},"featured_media":176,"template":"","meta":{"_et_pb_use_builder":"","_et_pb_old_content":"","_et_gb_content_width":""},"_links":{"self":[{"href":"https:\/\/eurocontrolglobal.com\/tienda\/wp-json\/wp\/v2\/product\/202"}],"collection":[{"href":"https:\/\/eurocontrolglobal.com\/tienda\/wp-json\/wp\/v2\/product"}],"about":[{"href":"https:\/\/eurocontrolglobal.com\/tienda\/wp-json\/wp\/v2\/types\/product"}],"wp:featuredmedia":[{"embeddable":true,"href":"https:\/\/eurocontrolglobal.com\/tienda\/wp-json\/wp\/v2\/media\/176"}],"wp:attachment":[{"href":"https:\/\/eurocontrolglobal.com\/tienda\/wp-json\/wp\/v2\/media?parent=202"}],"curies":[{"name":"wp","href":"https:\/\/api.w.org\/{rel}","templated":true}]}}