{"id":210,"date":"2020-07-10T10:33:18","date_gmt":"2020-07-10T10:33:18","guid":{"rendered":"http:\/\/eurocontrolglobal.beyondclic.es\/producto\/caldera-de-condensacion-manaut-myto-condens-inox-35\/"},"modified":"2020-07-15T07:42:59","modified_gmt":"2020-07-15T07:42:59","slug":"caldera-de-condensacion-manaut-myto-condens-inox-35","status":"publish","type":"product","link":"https:\/\/eurocontrolglobal.com\/tienda\/producto\/caldera-de-condensacion-manaut-myto-condens-inox-35\/","title":{"rendered":"Caldera de Condensaci\u00f3n Manaut Myto Condens Inox 35"},"content":{"rendered":"<ul>\n<li>M\u00e1xima clase de eficiencia estacional de calefacci\u00f3n A.<\/li>\n<li>Intercambiador primario con serpet\u00edn de acero INOX y de gran secci\u00f3n ovalada, m\u00e1xima durabilidad.<\/li>\n<li>Rendimiento t\u00e9rmico superior al 108%.<\/li>\n<li>Medidas: 700 x 400 x 290 mm.<\/li>\n<\/ul>\n","protected":false},"excerpt":{"rendered":"<p>Caldera mural de condensaci\u00f3n con intercambiador primario en acero INOX con funci\u00f3n \u00abround flow\u00bb.<\/p>\n<p>El rendimiento es un 20% mayor al de una caldera tradicional.<\/p>\n<p>30%+ de ahorro de gas.<\/p>\n<p>&nbsp;<\/p>\n<p><a class=\"ficha_tecnica et_pb_button et_pb_button_0_tb_body\" href=\"\/wp-content\/uploads\/2020\/07\/caldera-condensacion-inox-35.pdf\" target=\"_BLANK\" rel=\"noopener noreferrer\">Ficha t\u00e9cnica<\/a><\/p>\n","protected":false},"featured_media":160,"template":"","meta":{"_et_pb_use_builder":"","_et_pb_old_content":"","_et_gb_content_width":""},"_links":{"self":[{"href":"https:\/\/eurocontrolglobal.com\/tienda\/wp-json\/wp\/v2\/product\/210"}],"collection":[{"href":"https:\/\/eurocontrolglobal.com\/tienda\/wp-json\/wp\/v2\/product"}],"about":[{"href":"https:\/\/eurocontrolglobal.com\/tienda\/wp-json\/wp\/v2\/types\/product"}],"wp:featuredmedia":[{"embeddable":true,"href":"https:\/\/eurocontrolglobal.com\/tienda\/wp-json\/wp\/v2\/media\/160"}],"wp:attachment":[{"href":"https:\/\/eurocontrolglobal.com\/tienda\/wp-json\/wp\/v2\/media?parent=210"}],"curies":[{"name":"wp","href":"https:\/\/api.w.org\/{rel}","templated":true}]}}