{"id":54,"date":"2020-07-09T14:40:49","date_gmt":"2020-07-09T14:40:49","guid":{"rendered":"http:\/\/eurocontrolglobal.beyondclic.es\/producto\/calentador-de-agua-cointra\/"},"modified":"2020-07-15T07:16:05","modified_gmt":"2020-07-15T07:16:05","slug":"calentador-de-agua-cointra","status":"publish","type":"product","link":"https:\/\/eurocontrolglobal.com\/tienda\/producto\/calentador-de-agua-cointra\/","title":{"rendered":"Calentador de Agua Cointra"},"content":{"rendered":"<ul>\n<li>CAPACIDAD: 11L<\/li>\n<\/ul>\n","protected":false},"excerpt":{"rendered":"<p>Calentador estanco de 11L.<\/p>\n<p>M\u00e1xima seguridad: C\u00e1mara de combusti\u00f3n estanca y extracci\u00f3n de humos forzada.<\/p>\n<p>Gran ahorro energ\u00e9tico.<\/p>\n<p>Display LCD de gran tama\u00f1o.<\/p>\n<p>Nuestro equipo de profesionales lo dejar\u00e1 instalado.<\/p>\n<p>Diferentes tipos de financiaci\u00f3n.<\/p>\n<p>&nbsp;<\/p>\n<p><a class=\"ficha_tecnica et_pb_button et_pb_button_0_tb_body\" href=\"\/wp-content\/uploads\/2020\/07\/calentador-de-agua-cointra-11.pdf\" target=\"_BLANK\" rel=\"noopener noreferrer\">Ficha t\u00e9cnica<\/a><\/p>\n","protected":false},"featured_media":30,"template":"","meta":{"_et_pb_use_builder":"","_et_pb_old_content":"","_et_gb_content_width":""},"_links":{"self":[{"href":"https:\/\/eurocontrolglobal.com\/tienda\/wp-json\/wp\/v2\/product\/54"}],"collection":[{"href":"https:\/\/eurocontrolglobal.com\/tienda\/wp-json\/wp\/v2\/product"}],"about":[{"href":"https:\/\/eurocontrolglobal.com\/tienda\/wp-json\/wp\/v2\/types\/product"}],"wp:featuredmedia":[{"embeddable":true,"href":"https:\/\/eurocontrolglobal.com\/tienda\/wp-json\/wp\/v2\/media\/30"}],"wp:attachment":[{"href":"https:\/\/eurocontrolglobal.com\/tienda\/wp-json\/wp\/v2\/media?parent=54"}],"curies":[{"name":"wp","href":"https:\/\/api.w.org\/{rel}","templated":true}]}}